{"id":506,"date":"2015-04-08T18:39:04","date_gmt":"2015-04-08T23:39:04","guid":{"rendered":"http:\/\/constructionljp.com\/en\/index.php\/home\/"},"modified":"2024-06-11T08:44:23","modified_gmt":"2024-06-11T12:44:23","slug":"home","status":"publish","type":"page","link":"https:\/\/constructionljp.com\/en\/","title":{"rendered":"Home"},"content":{"rendered":"<div id=\"cs-content\" class=\"cs-content\"><\/div>\n","protected":false},"excerpt":{"rendered":"<p>SYMPHONIA POP &#8211; \u00celes-des-Soeurs POMPE \u00c0 B\u00c9TON MOBILE DE 56M MOBILE CONCRETE PUMP BUILDING THE FUTURE 40 Years of Know-Howin concrete formworkWe have acquired our experience through hundreds of projects &#8230; <a href=\"https:\/\/constructionljp.com\/en\/\" class=\"more-link\">Read More<\/a><\/p>\n","protected":false},"author":1,"featured_media":0,"parent":0,"menu_order":0,"comment_status":"closed","ping_status":"closed","template":"template-blank-4.php","meta":{"footnotes":""},"class_list":["post-506","page","type-page","status-publish","hentry","no-post-thumbnail"],"_links":{"self":[{"href":"https:\/\/constructionljp.com\/en\/wp-json\/wp\/v2\/pages\/506"}],"collection":[{"href":"https:\/\/constructionljp.com\/en\/wp-json\/wp\/v2\/pages"}],"about":[{"href":"https:\/\/constructionljp.com\/en\/wp-json\/wp\/v2\/types\/page"}],"author":[{"embeddable":true,"href":"https:\/\/constructionljp.com\/en\/wp-json\/wp\/v2\/users\/1"}],"replies":[{"embeddable":true,"href":"https:\/\/constructionljp.com\/en\/wp-json\/wp\/v2\/comments?post=506"}],"version-history":[{"count":67,"href":"https:\/\/constructionljp.com\/en\/wp-json\/wp\/v2\/pages\/506\/revisions"}],"predecessor-version":[{"id":4938,"href":"https:\/\/constructionljp.com\/en\/wp-json\/wp\/v2\/pages\/506\/revisions\/4938"}],"wp:attachment":[{"href":"https:\/\/constructionljp.com\/en\/wp-json\/wp\/v2\/media?parent=506"}],"curies":[{"name":"wp","href":"https:\/\/api.w.org\/{rel}","templated":true}]}}